{"id":160,"date":"2017-10-19T18:38:43","date_gmt":"2017-10-19T18:38:43","guid":{"rendered":"http:\/\/christine-samira-tanzkunst.de\/?page_id=160"},"modified":"2017-10-19T18:38:43","modified_gmt":"2017-10-19T18:38:43","slug":"unterrichtsphilosophie","status":"publish","type":"page","link":"http:\/\/christine-samira-tanzkunst.de\/?page_id=160","title":{"rendered":"Unterrichtsphilosophie"},"content":{"rendered":"<p>[et_pb_section bb_built=&#8220;1&#8243; fullwidth=&#8220;on&#8220; specialty=&#8220;off&#8220;][et_pb_fullwidth_image _builder_version=&#8220;3.0.71&#8243; src=&#8220;http:\/\/christine-samira-tanzkunst.de\/wp-content\/uploads\/2017\/10\/samira_header3.jpg&#8220; show_in_lightbox=&#8220;off&#8220; url_new_window=&#8220;off&#8220; use_overlay=&#8220;off&#8220; border_style=&#8220;solid&#8220; animation=&#8220;left&#8220; \/][\/et_pb_section][et_pb_section bb_built=&#8220;1&#8243;][et_pb_row][et_pb_column type=&#8220;4_4&#8243;][et_pb_text _builder_version=&#8220;3.0.71&#8243; background_layout=&#8220;light&#8220; text_orientation=&#8220;left&#8220; border_style=&#8220;solid&#8220;]<\/p>\n<blockquote>\n<h3>Bauchtanz mit dem Goddess-Glow!<\/h3>\n<h4>Mein Tanzunterricht und meine Workshops stehen unter dem Motto:<\/h4>\n<h4><em>Goddesses in Motion &#8211; Bellydance &amp; more! (G\u00f6ttinnen in Bewegung &#8211; Bauchtanz &amp; mehr!)<\/em><\/h4>\n<\/blockquote>\n<p>[\/et_pb_text][et_pb_text _builder_version=&#8220;3.0.71&#8243; background_layout=&#8220;light&#8220; text_orientation=&#8220;left&#8220; text_font_size=&#8220;15&#8243; border_style=&#8220;solid&#8220;] Der Orientalische Tanz liegt uns Frauen im Blut! Es gibt keine andere Tanzform, in der wir alle Facetten der Weiblichkeit so intensiv erfahren und ausleben k\u00f6nnen. Zudem sind wir nicht an einen Tanzpartner gebunden, sondern k\u00f6nnen uns selbst auf kreative und individuelle Weise ausdr\u00fccken. Doch nicht nur das: Der Bauchtanz ist eines der effektivsten Fitnesstrainings (mit Spa\u00dffaktor!), weil wirklich jeder einzelne Muskel beansprucht wird. Speziell durch die Kr\u00e4ftigung der Tiefenmuskulatur beugt der Bauchtanz Haltungssch\u00e4den vor und verbessert ganz h\u00e4ufig Schmerzen und hartn\u00e4ckige Verspannungen. Probier\u2018s aus! [\/et_pb_text][et_pb_text _builder_version=&#8220;3.0.71&#8243; background_layout=&#8220;light&#8220; text_orientation=&#8220;left&#8220; text_font_size=&#8220;15&#8243; border_style=&#8220;solid&#8220;]<\/p>\n<h3>Die S\u00e4ulen meines Tanzunterrichts sind:<\/h3>\n<p>&#8211; <strong>Gezielter Muskelaufbau<\/strong><br \/>\nEine gut ausgebildete Core-Muskulatur ist die Voraussetzung f\u00fcr eine sch\u00f6ne, aufrechte Haltung und ein gesundheitsbewusstes Tanzen. Starke Muskeln entlasten die Gelenke und sorgen f\u00fcr einen gesunden R\u00fccken. Der Bauchtanz fasziniert durch seine isolierten, binnenk\u00f6rperlichen Bewegungen, und beansprucht den kompletten K\u00f6rper von den Zehen bis zu den Fingerspitzen. Um diese Moves \u00fcberhaupt richtig ausf\u00fchren zu k\u00f6nnen, brauchen wir ein Gef\u00fchl f\u00fcr einzelne Muskeln, die wir vielleicht noch nie zuvor in unserem Leben bewusst \u2013 und vor allem isoliert! \u2013 aktiviert haben.<\/p>\n<p>&#8211; <strong>Fundierte Technik<\/strong><br \/>\nAm Anfang \u00fcben wir immer wieder die sechs Elementarbewegungen des Orientalischen Tanzes, bis diese sicher und gut verinnerlicht sind \u2013 im Stehen, im Vorw\u00e4rts- und R\u00fcckw\u00e4rtsgehen, und in verschiedenen Geschwindigkeiten. Darauf aufbauend werden die Figuren schwieriger, aber mit einer gut sitzenden Grundtechnik sind sie viel schneller erlernbar! Um uns vom Spiegel zu l\u00f6sen, tanzen wir immer wieder in Diagonalen und lernen dabei gleich, unterschiedliche Bewegungen und Drehungen sch\u00f6n zu kombinieren.<\/p>\n<p>&#8211; <strong>Beckenbodenaktivierung<\/strong><br \/>\nWir \u00fcben eine Grundposition, in der wir konstant den Beckenboden unter Spannung halten. Dies gew\u00e4hrleistet eine aufrechte und r\u00fcckenschonende Haltung, und verbessert bzw. beugt einer Beckenbodenschw\u00e4che im Alter vor. Zudem ist der Beckenboden unser \u201eLustmuskel\u201c, der unsere sinnliche Ausstrahlung anhebt und uns mit Lebensenergie erf\u00fcllt! \ud83d\ude42<\/p>\n<p>&#8211; <strong>Improvisation<\/strong><br \/>\nBuchst\u00e4blich von der ersten Stunde an lernen meine Sch\u00fclerinnen, zu verschiedenen Musikstilen zu improvisieren. Voraussetzung daf\u00fcr sind ein gutes K\u00f6rpergef\u00fchl, Musikalit\u00e4t und Selbstbewusstsein. All das lernen wir im Unterricht. Das improvisierte Tanzen lehrt dich, dich selbst besser kennen zu lernen und wahrzunehmen, deine Gef\u00fchle \u00fcber den K\u00f6rper auszudr\u00fccken, und das Gelernte spontan und im kreativen Fluss umsetzen zu k\u00f6nnen. Dies wird dir in allen Lebensbereichen hilfreich sein!<\/p>\n<p>&#8211; <strong>Goddess Glow<\/strong><br \/>\nJaaa! Im Tanz und in kleinen \u00dcbungen lernen wir, den Goddess Glow \u2013 unser G\u00f6ttinnenstrahlen \u2013 wieder zu entz\u00fcnden. Jede Frau ist sch\u00f6n, jede Frau hat ihre besonderen Gaben. Jede hat ihre ganz spezielle erotische Ausstrahlung und darf jetzt ihre Weisheit und Wildnatur leben! Es ist mir ein gro\u00dfes Anliegen, junge und \u00e4ltere Frauen (wieder) in ihre Herzenskraft zu bringen und zu beobachten, wie sie immer selbstbewusster werden und von innen heraus strahlen!<\/p>\n<p>&#8211; <strong>Spa\u00df und Freude<\/strong><br \/>\nNeben all der Tanztechnik, den brennenden Muskeln und herausfordernden Choreographien ist das wichtigste, dass wir im Unterricht Spa\u00df haben, uns gegenseitig ermutigen und Lebensfreude teilen. Diese eine Stunde Unterricht soll dich mit positiver Energie f\u00fcr die ganze Woche aufladen. Also genie\u00df es und sei nicht zu streng mit dir selbst, wenn etwas nicht gleich klappt! Vergleich dich nicht mit anderen, sondern lerne, dich selbst mit liebenden Augen zu sehen und deine eigenen Fortschritte zu feiern. Tanz ist gelebte Lebenslust, und die ist sooo viel mehr wert als jede Perfektion!<\/p>\n<p>&nbsp;<\/p>\n<p>Jede Tanzstunde beginnt mit einem Warm-up, um die Muskulatur vorzubereiten, und endet mit Dehnungs\u00fcbungen.<\/p>\n<p>[\/et_pb_text][\/et_pb_column][\/et_pb_row][et_pb_row][et_pb_column type=&#8220;1_3&#8243;][et_pb_text _builder_version=&#8220;3.0.71&#8243; background_layout=&#8220;light&#8220; text_orientation=&#8220;left&#8220; border_style=&#8220;solid&#8220;]<\/p>\n<h4 style=\"text-align: center;\"><a href=\"http:\/\/christine-samira-tanzkunst.de\/?page_id=69\">Kurse<\/a><\/h4>\n<p>[\/et_pb_text][\/et_pb_column][et_pb_column type=&#8220;1_3&#8243;][et_pb_text _builder_version=&#8220;3.0.71&#8243; background_layout=&#8220;light&#8220; text_orientation=&#8220;left&#8220; border_style=&#8220;solid&#8220;]<\/p>\n<h4 style=\"text-align: center;\"><a href=\"http:\/\/christine-samira-tanzkunst.de\/?page_id=90\">Workshops<\/a><\/h4>\n<p>[\/et_pb_text][\/et_pb_column][et_pb_column type=&#8220;1_3&#8243;][et_pb_text _builder_version=&#8220;3.0.71&#8243; background_layout=&#8220;light&#8220; text_orientation=&#8220;left&#8220; border_style=&#8220;solid&#8220;]<\/p>\n<h4 style=\"text-align: center;\"><a href=\"http:\/\/christine-samira-tanzkunst.de\/?page_id=100\">Einzelstunden<\/a><\/h4>\n<p>[\/et_pb_text][\/et_pb_column][\/et_pb_row][\/et_pb_section]<\/p>\n","protected":false},"excerpt":{"rendered":"<p>[et_pb_section bb_built=&#8220;1&#8243; fullwidth=&#8220;on&#8220; specialty=&#8220;off&#8220;][et_pb_fullwidth_image _builder_version=&#8220;3.0.71&#8243; src=&#8220;http:\/\/christine-samira-tanzkunst.de\/wp-content\/uploads\/2017\/10\/samira_header3.jpg&#8220; show_in_lightbox=&#8220;off&#8220; url_new_window=&#8220;off&#8220; use_overlay=&#8220;off&#8220; border_style=&#8220;solid&#8220; animation=&#8220;left&#8220; \/][\/et_pb_section][et_pb_section bb_built=&#8220;1&#8243;][et_pb_row][et_pb_column type=&#8220;4_4&#8243;][et_pb_text _builder_version=&#8220;3.0.71&#8243; background_layout=&#8220;light&#8220; text_orientation=&#8220;left&#8220; border_style=&#8220;solid&#8220;] Bauchtanz mit dem Goddess-Glow! Mein Tanzunterricht und meine Workshops stehen unter dem Motto: Goddesses in Motion &#8211; Bellydance &amp; more! (G\u00f6ttinnen in Bewegung &#8211; Bauchtanz &amp; mehr!) [\/et_pb_text][et_pb_text _builder_version=&#8220;3.0.71&#8243; background_layout=&#8220;light&#8220; text_orientation=&#8220;left&#8220; text_font_size=&#8220;15&#8243; border_style=&#8220;solid&#8220;] Der Orientalische Tanz liegt [&hellip;]<\/p>\n","protected":false},"author":1,"featured_media":0,"parent":0,"menu_order":0,"comment_status":"closed","ping_status":"closed","template":"","meta":{"footnotes":""},"class_list":["post-160","page","type-page","status-publish","hentry"],"_links":{"self":[{"href":"http:\/\/christine-samira-tanzkunst.de\/index.php?rest_route=\/wp\/v2\/pages\/160","targetHints":{"allow":["GET"]}}],"collection":[{"href":"http:\/\/christine-samira-tanzkunst.de\/index.php?rest_route=\/wp\/v2\/pages"}],"about":[{"href":"http:\/\/christine-samira-tanzkunst.de\/index.php?rest_route=\/wp\/v2\/types\/page"}],"author":[{"embeddable":true,"href":"http:\/\/christine-samira-tanzkunst.de\/index.php?rest_route=\/wp\/v2\/users\/1"}],"replies":[{"embeddable":true,"href":"http:\/\/christine-samira-tanzkunst.de\/index.php?rest_route=%2Fwp%2Fv2%2Fcomments&post=160"}],"version-history":[{"count":5,"href":"http:\/\/christine-samira-tanzkunst.de\/index.php?rest_route=\/wp\/v2\/pages\/160\/revisions"}],"predecessor-version":[{"id":169,"href":"http:\/\/christine-samira-tanzkunst.de\/index.php?rest_route=\/wp\/v2\/pages\/160\/revisions\/169"}],"wp:attachment":[{"href":"http:\/\/christine-samira-tanzkunst.de\/index.php?rest_route=%2Fwp%2Fv2%2Fmedia&parent=160"}],"curies":[{"name":"wp","href":"https:\/\/api.w.org\/{rel}","templated":true}]}}