{"id":2,"date":"2016-05-10T03:48:21","date_gmt":"2016-05-10T03:48:21","guid":{"rendered":"http:\/\/christine-samira-tanzkunst.de\/?page_id=2"},"modified":"2017-11-01T16:14:47","modified_gmt":"2017-11-01T16:14:47","slug":"sample-page","status":"publish","type":"page","link":"http:\/\/christine-samira-tanzkunst.de\/","title":{"rendered":"Home"},"content":{"rendered":"<p>[et_pb_section bb_built=&#8220;1&#8243; fullwidth=&#8220;on&#8220; specialty=&#8220;off&#8220;][et_pb_fullwidth_image _builder_version=&#8220;3.0.71&#8243; src=&#8220;http:\/\/christine-samira-tanzkunst.de\/wp-content\/uploads\/2016\/05\/samira_header.jpg&#8220; show_in_lightbox=&#8220;off&#8220; url_new_window=&#8220;off&#8220; use_overlay=&#8220;off&#8220; border_style=&#8220;solid&#8220; animation=&#8220;left&#8220; \/][\/et_pb_section][et_pb_section bb_built=&#8220;1&#8243; fullwidth=&#8220;off&#8220; specialty=&#8220;off&#8220;][et_pb_row][et_pb_column type=&#8220;4_4&#8243;][et_pb_testimonial _builder_version=&#8220;3.0.71&#8243; author=&#8220;Christine Samira&#8220; url_new_window=&#8220;off&#8220; quote_icon=&#8220;on&#8220; use_background_color=&#8220;off&#8220; quote_icon_background_color=&#8220;#f5f5f5&#8243; background_layout=&#8220;light&#8220; text_orientation=&#8220;center&#8220; body_font_size=&#8220;22&#8243; border_style=&#8220;solid&#8220; border_color=&#8220;#f2833e&#8220;] Tanz ist eine Liebesgeschichte, die sich \u00fcber den K\u00f6rper ausdr\u00fcckt. Tanz ist mein Gebet! [\/et_pb_testimonial][et_pb_divider _builder_version=&#8220;3.0.71&#8243; show_divider=&#8220;on&#8220; color=&#8220;#f49200&#8243; divider_style=&#8220;solid&#8220; divider_position=&#8220;top&#8220; divider_weight=&#8220;2&#8243; hide_on_mobile=&#8220;on&#8220; \/][et_pb_text _builder_version=&#8220;3.0.71&#8243; background_layout=&#8220;light&#8220; text_orientation=&#8220;left&#8220; border_style=&#8220;solid&#8220; text_line_height=&#8220;1.5em&#8220;]<\/p>\n<h3><\/h3>\n<h3 style=\"text-align: center;\">Herzlich Willkommen auf der Homepage von Christine Samira!<\/h3>\n<h3 style=\"text-align: center;\">Orientalische Tanzkunst voller Emotion und Sinnlichkeit<\/h3>\n<p>[\/et_pb_text][et_pb_text _builder_version=&#8220;3.0.71&#8243; background_layout=&#8220;light&#8220; text_orientation=&#8220;left&#8220; border_style=&#8220;solid&#8220;]<\/p>\n<p>&nbsp;<\/p>\n<h4 style=\"text-align: center;\"><em>Mit jedem Schritt lass die Erde in Liebe erbeben.<br \/>\n<\/em><\/h4>\n<h4 style=\"text-align: center;\"><em>Mit jeder Drehung tauch tiefer ein in den Moment.<br \/>\n<\/em><\/h4>\n<h4 style=\"text-align: center;\"><em>Mit jedem Kreisen deiner H\u00fcften erwecke die G\u00f6ttin in dir!<\/em><\/h4>\n<p>[\/et_pb_text][et_pb_text _builder_version=&#8220;3.0.71&#8243; background_layout=&#8220;light&#8220; text_orientation=&#8220;left&#8220; border_style=&#8220;solid&#8220; text_font_size=&#8220;16&#8243;]<\/p>\n<p>&nbsp;<\/p>\n<p style=\"text-align: center;\"><strong>Tanzkurse &#8211; Workshops &#8211; Auftritte &#8211; Seminare f\u00fcr Frauen<br \/>\nM\u00fcnchen und Straubing<\/strong><\/p>\n<p>[\/et_pb_text][et_pb_text _builder_version=&#8220;3.0.71&#8243; background_layout=&#8220;light&#8220; text_orientation=&#8220;left&#8220; border_style=&#8220;solid&#8220;]<\/p>\n<p style=\"text-align: center;\">Bauchtanz &#8211; Orientalischer Tanz &#8211; Tribal Fusion &#8211; Bellydance Burlesque &#8211; Goddess Dance &#8211; Fantasy Tanz &#8211; Dance like Shakira &#8211; Tango Oriental &#8211; Flamenco Oriental &#8211; Samba Oriental &#8211; Kizomba Oriental &#8211; S\u00e4bel-, Zimbel-, Stock- und Schleiertanz &#8211; Kurse &#8211; Einzeltraining &#8211; Workshops &#8211; Tanztherapie &#8211; Auftritte<\/p>\n<p>[\/et_pb_text][\/et_pb_column][\/et_pb_row][\/et_pb_section]<\/p>\n","protected":false},"excerpt":{"rendered":"<p>[et_pb_section bb_built=&#8220;1&#8243; fullwidth=&#8220;on&#8220; specialty=&#8220;off&#8220;][et_pb_fullwidth_image _builder_version=&#8220;3.0.71&#8243; src=&#8220;http:\/\/christine-samira-tanzkunst.de\/wp-content\/uploads\/2016\/05\/samira_header.jpg&#8220; show_in_lightbox=&#8220;off&#8220; url_new_window=&#8220;off&#8220; use_overlay=&#8220;off&#8220; border_style=&#8220;solid&#8220; animation=&#8220;left&#8220; \/][\/et_pb_section][et_pb_section bb_built=&#8220;1&#8243; fullwidth=&#8220;off&#8220; specialty=&#8220;off&#8220;][et_pb_row][et_pb_column type=&#8220;4_4&#8243;][et_pb_testimonial _builder_version=&#8220;3.0.71&#8243; author=&#8220;Christine Samira&#8220; url_new_window=&#8220;off&#8220; quote_icon=&#8220;on&#8220; use_background_color=&#8220;off&#8220; quote_icon_background_color=&#8220;#f5f5f5&#8243; background_layout=&#8220;light&#8220; text_orientation=&#8220;center&#8220; body_font_size=&#8220;22&#8243; border_style=&#8220;solid&#8220; border_color=&#8220;#f2833e&#8220;] Tanz ist eine Liebesgeschichte, die sich \u00fcber den K\u00f6rper ausdr\u00fcckt. Tanz ist mein Gebet! [\/et_pb_testimonial][et_pb_divider _builder_version=&#8220;3.0.71&#8243; show_divider=&#8220;on&#8220; color=&#8220;#f49200&#8243; divider_style=&#8220;solid&#8220; divider_position=&#8220;top&#8220; divider_weight=&#8220;2&#8243; hide_on_mobile=&#8220;on&#8220; \/][et_pb_text _builder_version=&#8220;3.0.71&#8243; background_layout=&#8220;light&#8220; text_orientation=&#8220;left&#8220; border_style=&#8220;solid&#8220; [&hellip;]<\/p>\n","protected":false},"author":1,"featured_media":0,"parent":0,"menu_order":0,"comment_status":"closed","ping_status":"open","template":"","meta":{"footnotes":""},"class_list":["post-2","page","type-page","status-publish","hentry"],"_links":{"self":[{"href":"http:\/\/christine-samira-tanzkunst.de\/index.php?rest_route=\/wp\/v2\/pages\/2","targetHints":{"allow":["GET"]}}],"collection":[{"href":"http:\/\/christine-samira-tanzkunst.de\/index.php?rest_route=\/wp\/v2\/pages"}],"about":[{"href":"http:\/\/christine-samira-tanzkunst.de\/index.php?rest_route=\/wp\/v2\/types\/page"}],"author":[{"embeddable":true,"href":"http:\/\/christine-samira-tanzkunst.de\/index.php?rest_route=\/wp\/v2\/users\/1"}],"replies":[{"embeddable":true,"href":"http:\/\/christine-samira-tanzkunst.de\/index.php?rest_route=%2Fwp%2Fv2%2Fcomments&post=2"}],"version-history":[{"count":7,"href":"http:\/\/christine-samira-tanzkunst.de\/index.php?rest_route=\/wp\/v2\/pages\/2\/revisions"}],"predecessor-version":[{"id":189,"href":"http:\/\/christine-samira-tanzkunst.de\/index.php?rest_route=\/wp\/v2\/pages\/2\/revisions\/189"}],"wp:attachment":[{"href":"http:\/\/christine-samira-tanzkunst.de\/index.php?rest_route=%2Fwp%2Fv2%2Fmedia&parent=2"}],"curies":[{"name":"wp","href":"https:\/\/api.w.org\/{rel}","templated":true}]}}