{"id":52,"date":"2017-10-18T12:43:45","date_gmt":"2017-10-18T12:43:45","guid":{"rendered":"http:\/\/christine-samira-tanzkunst.de\/?page_id=52"},"modified":"2017-10-18T12:48:47","modified_gmt":"2017-10-18T12:48:47","slug":"ueber-mich","status":"publish","type":"page","link":"http:\/\/christine-samira-tanzkunst.de\/?page_id=52","title":{"rendered":"\u00dcber mich"},"content":{"rendered":"<p>[et_pb_section bb_built=&#8220;1&#8243; fullwidth=&#8220;on&#8220; specialty=&#8220;off&#8220;][et_pb_fullwidth_image _builder_version=&#8220;3.0.71&#8243; src=&#8220;http:\/\/christine-samira-tanzkunst.de\/wp-content\/uploads\/2017\/10\/samira_header2.jpg&#8220; show_in_lightbox=&#8220;off&#8220; url_new_window=&#8220;off&#8220; use_overlay=&#8220;off&#8220; border_style=&#8220;solid&#8220; animation=&#8220;left&#8220; \/][\/et_pb_section][et_pb_section bb_built=&#8220;1&#8243; fullwidth=&#8220;off&#8220; specialty=&#8220;off&#8220;][et_pb_row][et_pb_column type=&#8220;4_4&#8243;][et_pb_text _builder_version=&#8220;3.0.71&#8243; background_layout=&#8220;light&#8220; text_orientation=&#8220;left&#8220; border_style=&#8220;solid&#8220; text_font_size=&#8220;15&#8243;]<\/p>\n<h3>Tanz ist Lebensfreude! Yallaaaa<\/h3>\n<p>Der Bauchtanz begleitet mich schon mein halbes Leben. Mit 21 Jahren bin ich zum Orientalischen Tanz gekommen, und seither hat er mich nie wieder los gelassen. Nach meiner ersten Unterrichtsstunde war klar, dass ich Baucht\u00e4nzerin bin ;-).<\/p>\n<p>Ich war begierig, all die wundervollen, faszinierenden Bewegungen zu lernen und so viel wie m\u00f6glich \u00fcber diese Kunst zu erfahren. Meine erste Lehrerin war Arouz al Arais (Gerti Schnepf) in G\u00fcnzburg. Als Baucht\u00e4nzerin und Yogalehrerin legte sie viel Wert auf einen flexiblen K\u00f6rper und eine saubere Technik. Vor allem aber bin ich ihr dankbar f\u00fcr die Liebe zum Tanz und das Selbstvertrauen, das sie mich gelehrt hat.<\/p>\n<p>Weitere wichtige Stationen auf meinem t\u00e4nzerischen Weg waren Monika Kaiblinger vom Zentrum f\u00fcr Orientalischen Tanz in M\u00fcnchen und Mona Habib in M\u00fcnchen. Zudem belegte ich viele Seminare und Workshops bei international renommierten T\u00e4nzerinnen und Choreographen, wie z.B. Momo Kadous, Dr. Mo Geddawi, Layla Jouvana, Samira, Sherry Rose etc.<\/p>\n<p>2008\/2009 absolvierte ich in Offenbach\/Main bei Jasmina Said die Ausbildung in ESTODA (Essential Technique of Oriental Dance), die meine Tanztechnik auf ein neues Level hob.<\/p>\n<p>Seit 2016 bilde ich mich intensiv weiter in Tribal Fusion Bellydance im Level-Up Projekt bei Melli Sarina und in Workshops bei Giuliana Angelini.<\/p>\n<p>Neben dem Bauchtanz habe ich mehrj\u00e4hrige Erfahrung in Flamenco, Salsa (New York Style) und Kizomba, und habe in Tango Argentino und Kathak hineingeschnuppert.<\/p>\n<p>[\/et_pb_text][\/et_pb_column][\/et_pb_row][et_pb_row][et_pb_column type=&#8220;4_4&#8243;][et_pb_image _builder_version=&#8220;3.0.71&#8243; src=&#8220;http:\/\/christine-samira-tanzkunst.de\/wp-content\/uploads\/2017\/10\/flyhigh_kl.jpg&#8220; show_in_lightbox=&#8220;off&#8220; url_new_window=&#8220;off&#8220; use_overlay=&#8220;off&#8220; sticky=&#8220;off&#8220; align=&#8220;center&#8220; always_center_on_mobile=&#8220;on&#8220; border_style=&#8220;solid&#8220; force_fullwidth=&#8220;off&#8220; animation=&#8220;off&#8220; \/][\/et_pb_column][\/et_pb_row][et_pb_row][et_pb_column type=&#8220;4_4&#8243;][et_pb_text _builder_version=&#8220;3.0.71&#8243; background_layout=&#8220;light&#8220; text_orientation=&#8220;left&#8220; border_style=&#8220;solid&#8220; text_font_size=&#8220;15&#8243;]<\/p>\n<h3>Unterrichtst\u00e4tigkeit und Auftritte<\/h3>\n<p>Bereits zwei Jahre nachdem ich mit dem Bauchtanz begonnen hatte, unterrichtete ich an der Uni Eichst\u00e4tt Orientalischen Tanz und hatte meine eigene kleine (vierk\u00f6pfige) Tanzgruppe in G\u00fcnzburg. Ich hatte regelm\u00e4\u00dfig Auftritte bei privaten Feiern, Stadtfesten, Galas und Shows im Raum G\u00fcnzburg, Ulm und M\u00fcnchen. Auch in einer Fernsehshow (ZDF) bekam ich die Gelegenheit zu tanzen.<\/p>\n<p>Bedingt durch meine Heilpraktikerausbildung (2002-2004), viele naturheilkundliche Ausbildungen, Festanstellung in einer Naturheilpraxis und schlie\u00dflich die Er\u00f6ffnung meiner eigenen Praxis in M\u00fcnchen, trat der Tanz f\u00fcr einige Jahre sehr in den Hintergrund (bis auf die harte und zeitintensive ESTODA-Ausbildung \ud83d\ude09 ). Ich trat nicht mehr \u00f6ffentlich auf, gab keinen Unterricht mehr, und besuchte eher unregelm\u00e4\u00dfig meine Choreographiestunden in M\u00fcnchen. Auch mein eigenes Training lie\u00df zu w\u00fcnschen \u00fcbrig\u2026<\/p>\n<p>Mittlerweile betreibe ich seit sieben Jahren meine eigene <a href=\"http:\/\/www.naturheilpraxis-fleckenstein.de\" target=\"_blank\" rel=\"noopener\">Naturheil- und Coachingpraxis<\/a> in M\u00fcnchen Schwabing und seit kurzem auch in Geltolfing bei Straubing, wo ich seit 2015 lebe. Doch bei aller Freude an meiner Berufung, wurde mir in den letzten Jahren extrem bewusst, dass etwas ganz Essentielles in meinem Leben fehlte bzw. viel zu kurz gekommen war: der Bauchtanz! Immer war der Tanz f\u00fcr mich so lebenswichtig und mein Ventil in gr\u00f6\u00dfter Freude und in gr\u00f6\u00dfter Trauer. Doch jetzt hatte ich ihn so weit hinten angestellt, dass mir der Ausgleich total fehlte. Ich hatte mich selbst meiner gr\u00f6\u00dften Leidenschaft beraubt.<\/p>\n<p>Und so st\u00fcrzte ich mich endlich wieder mit ganzem Herzen ins Tanzen und Trainieren, und habe mich entschieden, JETZT meine zweite Tanzkarriere zu starten \u2013 als reife junge Frau ;-), mit so viel Liebe, so viel Begeisterung, so viel Seelentiefe, Sinnlichkeit und Lust wie nie zuvor!<\/p>\n<p>Ich freue mich, in M\u00fcnchen und Straubing wieder Tanzkurse anbieten zu k\u00f6nnen und Frauen zu begleiten, die G\u00f6ttin in sich wach zu tanzen. Ich freue mich, selbst immer noch mehr zu lernen und mit tollen Frauen zu schwitzen, zu lachen und kreativ zu sein. Ich freue mich darauf, wieder Menschen mit meinen Auftritten ber\u00fchren, und mit Lebensfreude und Sinnlichkeit anstecken zu k\u00f6nnen.<\/p>\n<p>[\/et_pb_text][\/et_pb_column][\/et_pb_row][\/et_pb_section]<\/p>\n","protected":false},"excerpt":{"rendered":"<p>[et_pb_section bb_built=&#8220;1&#8243; fullwidth=&#8220;on&#8220; specialty=&#8220;off&#8220;][et_pb_fullwidth_image _builder_version=&#8220;3.0.71&#8243; src=&#8220;http:\/\/christine-samira-tanzkunst.de\/wp-content\/uploads\/2017\/10\/samira_header2.jpg&#8220; show_in_lightbox=&#8220;off&#8220; url_new_window=&#8220;off&#8220; use_overlay=&#8220;off&#8220; border_style=&#8220;solid&#8220; animation=&#8220;left&#8220; \/][\/et_pb_section][et_pb_section bb_built=&#8220;1&#8243; fullwidth=&#8220;off&#8220; specialty=&#8220;off&#8220;][et_pb_row][et_pb_column type=&#8220;4_4&#8243;][et_pb_text _builder_version=&#8220;3.0.71&#8243; background_layout=&#8220;light&#8220; text_orientation=&#8220;left&#8220; border_style=&#8220;solid&#8220; text_font_size=&#8220;15&#8243;] Tanz ist Lebensfreude! Yallaaaa Der Bauchtanz begleitet mich schon mein halbes Leben. Mit 21 Jahren bin ich zum Orientalischen Tanz gekommen, und seither hat er mich nie wieder los gelassen. Nach meiner ersten Unterrichtsstunde [&hellip;]<\/p>\n","protected":false},"author":1,"featured_media":0,"parent":0,"menu_order":0,"comment_status":"closed","ping_status":"closed","template":"","meta":{"footnotes":""},"class_list":["post-52","page","type-page","status-publish","hentry"],"_links":{"self":[{"href":"http:\/\/christine-samira-tanzkunst.de\/index.php?rest_route=\/wp\/v2\/pages\/52","targetHints":{"allow":["GET"]}}],"collection":[{"href":"http:\/\/christine-samira-tanzkunst.de\/index.php?rest_route=\/wp\/v2\/pages"}],"about":[{"href":"http:\/\/christine-samira-tanzkunst.de\/index.php?rest_route=\/wp\/v2\/types\/page"}],"author":[{"embeddable":true,"href":"http:\/\/christine-samira-tanzkunst.de\/index.php?rest_route=\/wp\/v2\/users\/1"}],"replies":[{"embeddable":true,"href":"http:\/\/christine-samira-tanzkunst.de\/index.php?rest_route=%2Fwp%2Fv2%2Fcomments&post=52"}],"version-history":[{"count":4,"href":"http:\/\/christine-samira-tanzkunst.de\/index.php?rest_route=\/wp\/v2\/pages\/52\/revisions"}],"predecessor-version":[{"id":57,"href":"http:\/\/christine-samira-tanzkunst.de\/index.php?rest_route=\/wp\/v2\/pages\/52\/revisions\/57"}],"wp:attachment":[{"href":"http:\/\/christine-samira-tanzkunst.de\/index.php?rest_route=%2Fwp%2Fv2%2Fmedia&parent=52"}],"curies":[{"name":"wp","href":"https:\/\/api.w.org\/{rel}","templated":true}]}}