{"id":90,"date":"2017-10-19T10:41:14","date_gmt":"2017-10-19T10:41:14","guid":{"rendered":"http:\/\/christine-samira-tanzkunst.de\/?page_id=90"},"modified":"2017-11-08T19:23:55","modified_gmt":"2017-11-08T19:23:55","slug":"workshops","status":"publish","type":"page","link":"http:\/\/christine-samira-tanzkunst.de\/?page_id=90","title":{"rendered":"Workshops"},"content":{"rendered":"<p>[et_pb_section bb_built=&#8220;1&#8243; fullwidth=&#8220;on&#8220; specialty=&#8220;off&#8220;][et_pb_fullwidth_image _builder_version=&#8220;3.0.71&#8243; src=&#8220;http:\/\/christine-samira-tanzkunst.de\/wp-content\/uploads\/2017\/10\/samira_header3.jpg&#8220; show_in_lightbox=&#8220;off&#8220; url_new_window=&#8220;off&#8220; use_overlay=&#8220;off&#8220; border_style=&#8220;solid&#8220; animation=&#8220;left&#8220; \/][\/et_pb_section][et_pb_section bb_built=&#8220;1&#8243;][et_pb_row][et_pb_column type=&#8220;4_4&#8243;][et_pb_testimonial _builder_version=&#8220;3.0.71&#8243; author=&#8220;Rumi&#8220; url_new_window=&#8220;off&#8220; quote_icon=&#8220;on&#8220; use_background_color=&#8220;on&#8220; quote_icon_background_color=&#8220;#f5f5f5&#8243; background_layout=&#8220;light&#8220; text_orientation=&#8220;center&#8220; border_style=&#8220;solid&#8220; background_color=&#8220;rgba(244,146,0,0.14)&#8220;]<\/p>\n<h3 style=\"text-align: center;\">Wenn du aufgebrochen bist, tanz! Wenn du den Verstand herunter gerissen hast, tanz! Mitten in der Schlacht, tanz! Tanze in deinem Blut! Wenn du vollkommen frei bist, tanz!<\/h3>\n<p>[\/et_pb_testimonial][\/et_pb_column][\/et_pb_row][et_pb_row][et_pb_column type=&#8220;4_4&#8243;][et_pb_text _builder_version=&#8220;3.0.71&#8243; background_layout=&#8220;light&#8220; text_orientation=&#8220;left&#8220; text_font_size=&#8220;15&#8243; border_style=&#8220;solid&#8220;]<\/p>\n<h4>Aktuelle Workshops!<\/h4>\n<p>Schau \u00f6fter mal vorbei oder lass mir deine E-Mail Adresse zukommen, dann wirst du automatisch regelm\u00e4\u00dfig \u00fcber Kurse informiert.<\/p>\n<p>&nbsp;<\/p>\n<h5>Freu dich auf einen\u00a0<strong>weihnachtlich-sexy Bellydance Burlesque Choreographie WS:<\/strong><\/h5>\n<h5><strong><br \/>\nS\u00fc\u00dfer die Gl\u00f6ckchen nie klingen&#8230; Da freut sich nicht nur der Weihnachtsmann!!!<br \/>\n<\/strong><em><br \/>\nGeltolfing bei Straubing, Sa, 2.12.2017, 11-15.30 Uhr<\/em><strong><br \/>\n<\/strong><em><br \/>\nM\u00fcnchen, Sa, 9.12.2017, 11-15.30 Uhr<\/em><\/h5>\n<p>Wenn dich der Weihnachtsmann dieses Jahr fragt, ob du auch sch\u00f6n brav warst, dann setzt du einfach dein verf\u00fchrerischstes L\u00e4cheln auf und legst eine sexy-freche Sohle aufs Parkett. Wetten, er l\u00e4sst sich \u00fcberzeugen? Nach einem swingig-fr\u00f6hlichen Einstieg wird es ziiieeemlich hei\u00df. Wir pr\u00e4sentieren unsere Kurven und zeigen uns von unserer candy-zuckers\u00fc\u00dfen Schokoladenseite. Dein Weihnachtsmann wird dahinschmelzen, denn du wirst die sch\u00f6nste Versuchung sein, seit es Frauen gibt!<\/p>\n<p>Was du brauchst: Sch\u00f6n w\u00e4re es, wenn du dir f\u00fcr den Workshop ein sexy Weihnachtsfrau-Kost\u00fcm zulegst (Du findest eine Menge Angebote z.B. bei amazon, zwischen ca. 20 und 60 Euro). Zudem brauchst du ein Paar lange Handschuhe, sch\u00f6ne Str\u00fcmpfe (ganz nach deinen Vorlieben, z.B. Seide, halterlos, Netz, Naht\u2026) und eine rote Weihnachtsmann-Zipfelm\u00fctze. Und vergiss nicht deine (moderaten?) High-Heels (in denen du auch noch tanzen kannst) oder Tanzschuhe (z.B. f\u00fcr Salsa oder Tango) mit Absatz. Du kannst dir f\u00fcrs Training noch ein extra Outfit (Leggings oder kurze Hose und enges Shirt), sowie Socken oder Gymnastikschl\u00e4ppchen mitbringen. Du darfst die Choreographie selbstverst\u00e4ndlich filmen, damit du zu Hause noch \u00fcben kannst.<\/p>\n<p>[\/et_pb_text][et_pb_image _builder_version=&#8220;3.0.71&#8243; src=&#8220;http:\/\/christine-samira-tanzkunst.de\/wp-content\/uploads\/2017\/10\/weihnachtsfrau_samira.jpg&#8220; show_in_lightbox=&#8220;off&#8220; url_new_window=&#8220;off&#8220; use_overlay=&#8220;off&#8220; sticky=&#8220;off&#8220; align=&#8220;center&#8220; always_center_on_mobile=&#8220;on&#8220; border_style=&#8220;solid&#8220; force_fullwidth=&#8220;off&#8220; animation=&#8220;off&#8220; \/][\/et_pb_column][\/et_pb_row][et_pb_row][et_pb_column type=&#8220;1_2&#8243;][et_pb_text _builder_version=&#8220;3.0.71&#8243; background_layout=&#8220;light&#8220; text_orientation=&#8220;left&#8220; text_font_size=&#8220;15&#8243; border_style=&#8220;solid&#8220;]<\/p>\n<p><strong>Ort<\/strong>: Flughafenweg 12, 94330 Aiterhofen\/Geltolfing<br \/>\n<strong>Zeit<\/strong>: Samstag, 2.12.2017, 11-15.30 Uhr<br \/>\n<strong>Kosten<\/strong>: 50 Euro<br \/>\nVerbindliche Anmeldung bitte bis 28.11.2017<\/p>\n<p>[\/et_pb_text][\/et_pb_column][et_pb_column type=&#8220;1_2&#8243;][et_pb_text _builder_version=&#8220;3.0.71&#8243; background_layout=&#8220;light&#8220; text_orientation=&#8220;left&#8220; text_font_size=&#8220;15&#8243; border_style=&#8220;solid&#8220;]<\/p>\n<p><strong>Ort<\/strong>: Semblanza Tanzstudios, Geisenhausener Str. 18, 81379 M\u00fcnchen<br \/>\n<strong>Zeit<\/strong>: Samstag, 9.12.2017, 11-15.30 Uhr<br \/>\n<strong>Kosten<\/strong>: 55 Euro<br \/>\nVerbindliche Anmeldung bitte bis 5.12.2017<\/p>\n<p>[\/et_pb_text][\/et_pb_column][\/et_pb_row][et_pb_row][et_pb_column type=&#8220;4_4&#8243;][et_pb_text _builder_version=&#8220;3.0.71&#8243; background_layout=&#8220;light&#8220; text_orientation=&#8220;left&#8220; border_style=&#8220;solid&#8220;]<\/p>\n<p>Du bist eine Tanzkollegin? Gern biete ich Workshops oder Choreographien in deinem Studio an. Kontaktiere mich einfach!<\/p>\n<p>[\/et_pb_text][et_pb_image _builder_version=&#8220;3.0.71&#8243; src=&#8220;http:\/\/christine-samira-tanzkunst.de\/wp-content\/uploads\/2017\/10\/bauchtanz_semblanza1.jpeg&#8220; show_in_lightbox=&#8220;off&#8220; url_new_window=&#8220;off&#8220; use_overlay=&#8220;off&#8220; sticky=&#8220;off&#8220; align=&#8220;center&#8220; always_center_on_mobile=&#8220;on&#8220; border_style=&#8220;solid&#8220; force_fullwidth=&#8220;off&#8220; animation=&#8220;off&#8220; \/][\/et_pb_column][\/et_pb_row][et_pb_row][et_pb_column type=&#8220;1_3&#8243;][et_pb_text _builder_version=&#8220;3.0.71&#8243; background_layout=&#8220;light&#8220; text_orientation=&#8220;left&#8220; border_style=&#8220;solid&#8220;]<\/p>\n<h4 style=\"text-align: center;\"><a href=\"http:\/\/christine-samira-tanzkunst.de\/?page_id=69\">Kurse<\/a><\/h4>\n<p>[\/et_pb_text][\/et_pb_column][et_pb_column type=&#8220;1_3&#8243;][et_pb_text _builder_version=&#8220;3.0.71&#8243; background_layout=&#8220;light&#8220; text_orientation=&#8220;left&#8220; border_style=&#8220;solid&#8220;]<\/p>\n<h4 style=\"text-align: center;\"><a href=\"http:\/\/christine-samira-tanzkunst.de\/?page_id=100\">Einzelstunden<\/a><\/h4>\n<p>[\/et_pb_text][\/et_pb_column][et_pb_column type=&#8220;1_3&#8243;][et_pb_text _builder_version=&#8220;3.0.71&#8243; background_layout=&#8220;light&#8220; text_orientation=&#8220;left&#8220; border_style=&#8220;solid&#8220;]<\/p>\n<h4 style=\"text-align: center;\"><a href=\"http:\/\/christine-samira-tanzkunst.de\/?page_id=160\">Unterrichtsphilosophie<\/a><\/h4>\n<p>[\/et_pb_text][\/et_pb_column][\/et_pb_row][\/et_pb_section]<\/p>\n","protected":false},"excerpt":{"rendered":"<p>[et_pb_section bb_built=&#8220;1&#8243; fullwidth=&#8220;on&#8220; specialty=&#8220;off&#8220;][et_pb_fullwidth_image _builder_version=&#8220;3.0.71&#8243; src=&#8220;http:\/\/christine-samira-tanzkunst.de\/wp-content\/uploads\/2017\/10\/samira_header3.jpg&#8220; show_in_lightbox=&#8220;off&#8220; url_new_window=&#8220;off&#8220; use_overlay=&#8220;off&#8220; border_style=&#8220;solid&#8220; animation=&#8220;left&#8220; \/][\/et_pb_section][et_pb_section bb_built=&#8220;1&#8243;][et_pb_row][et_pb_column type=&#8220;4_4&#8243;][et_pb_testimonial _builder_version=&#8220;3.0.71&#8243; author=&#8220;Rumi&#8220; url_new_window=&#8220;off&#8220; quote_icon=&#8220;on&#8220; use_background_color=&#8220;on&#8220; quote_icon_background_color=&#8220;#f5f5f5&#8243; background_layout=&#8220;light&#8220; text_orientation=&#8220;center&#8220; border_style=&#8220;solid&#8220; background_color=&#8220;rgba(244,146,0,0.14)&#8220;] Wenn du aufgebrochen bist, tanz! Wenn du den Verstand herunter gerissen hast, tanz! Mitten in der Schlacht, tanz! Tanze in deinem Blut! Wenn du vollkommen frei bist, tanz! [\/et_pb_testimonial][\/et_pb_column][\/et_pb_row][et_pb_row][et_pb_column type=&#8220;4_4&#8243;][et_pb_text _builder_version=&#8220;3.0.71&#8243; [&hellip;]<\/p>\n","protected":false},"author":1,"featured_media":0,"parent":60,"menu_order":0,"comment_status":"closed","ping_status":"closed","template":"","meta":{"footnotes":""},"class_list":["post-90","page","type-page","status-publish","hentry"],"_links":{"self":[{"href":"http:\/\/christine-samira-tanzkunst.de\/index.php?rest_route=\/wp\/v2\/pages\/90","targetHints":{"allow":["GET"]}}],"collection":[{"href":"http:\/\/christine-samira-tanzkunst.de\/index.php?rest_route=\/wp\/v2\/pages"}],"about":[{"href":"http:\/\/christine-samira-tanzkunst.de\/index.php?rest_route=\/wp\/v2\/types\/page"}],"author":[{"embeddable":true,"href":"http:\/\/christine-samira-tanzkunst.de\/index.php?rest_route=\/wp\/v2\/users\/1"}],"replies":[{"embeddable":true,"href":"http:\/\/christine-samira-tanzkunst.de\/index.php?rest_route=%2Fwp%2Fv2%2Fcomments&post=90"}],"version-history":[{"count":13,"href":"http:\/\/christine-samira-tanzkunst.de\/index.php?rest_route=\/wp\/v2\/pages\/90\/revisions"}],"predecessor-version":[{"id":193,"href":"http:\/\/christine-samira-tanzkunst.de\/index.php?rest_route=\/wp\/v2\/pages\/90\/revisions\/193"}],"up":[{"embeddable":true,"href":"http:\/\/christine-samira-tanzkunst.de\/index.php?rest_route=\/wp\/v2\/pages\/60"}],"wp:attachment":[{"href":"http:\/\/christine-samira-tanzkunst.de\/index.php?rest_route=%2Fwp%2Fv2%2Fmedia&parent=90"}],"curies":[{"name":"wp","href":"https:\/\/api.w.org\/{rel}","templated":true}]}}